{"id":37664,"date":"2026-04-30T13:20:13","date_gmt":"2026-04-30T16:20:13","guid":{"rendered":"https:\/\/dbnfutbol.com.ar\/tienda\/producto\/munequera_tennis_10_cm_negra\/"},"modified":"2026-04-30T16:28:00","modified_gmt":"2026-04-30T19:28:00","slug":"munequera_tennis_10_cm_negra","status":"publish","type":"product","link":"https:\/\/dbnfutbol.com.ar\/tienda\/producto\/munequera_tennis_10_cm_negra\/","title":{"rendered":"MU\u00d1EQUERA TENNIS 10 CM NEGRA"},"content":{"rendered":"<p>PRESENTACION : 1MU\u00d1EQUERAS  POR PACK<\/p>\n<p>Descripci\u00f3n<\/p>\n<p>La mu\u00f1equera SIXZERO est\u00e1 pensada para quienes practican tenis y buscan rendimiento con estilo. Su dise\u00f1o compacto y absorbente mantiene el sudor bajo control, permitiendo un mejor agarre y mayor comodidad durante los partidos. El logo bordado en blanco le aporta un toque moderno y profesional.<\/p>\n<p>Materiales<\/p>\n<p>80% algod\u00f3n<\/p>\n<p>20% nylon<\/p>\n<p>El\u00e1stica para una sujeci\u00f3n segura y flexible<\/p>\n<p>Dimensiones<\/p>\n<p>10cm x 10 cm<\/p>\n","protected":false},"excerpt":{"rendered":"<p>MU\u00d1EQUERA TENNIS 10 CM NEGRA<\/p>\n","protected":false},"featured_media":0,"template":"","meta":{"site-sidebar-layout":"default","site-content-layout":"","ast-site-content-layout":"default","site-content-style":"default","site-sidebar-style":"default","ast-global-header-display":"","ast-banner-title-visibility":"","ast-main-header-display":"","ast-hfb-above-header-display":"","ast-hfb-below-header-display":"","ast-hfb-mobile-header-display":"","site-post-title":"","ast-breadcrumbs-content":"","ast-featured-img":"","footer-sml-layout":"","ast-disable-related-posts":"","theme-transparent-header-meta":"","adv-header-id-meta":"","stick-header-meta":"","header-above-stick-meta":"","header-main-stick-meta":"","header-below-stick-meta":"","astra-migrate-meta-layouts":"default","ast-page-background-enabled":"default","ast-page-background-meta":{"desktop":{"background-color":"","background-image":"","background-repeat":"repeat","background-position":"center center","background-size":"auto","background-attachment":"scroll","background-type":"","background-media":"","overlay-type":"","overlay-color":"","overlay-opacity":"","overlay-gradient":""},"tablet":{"background-color":"","background-image":"","background-repeat":"repeat","background-position":"center center","background-size":"auto","background-attachment":"scroll","background-type":"","background-media":"","overlay-type":"","overlay-color":"","overlay-opacity":"","overlay-gradient":""},"mobile":{"background-color":"","background-image":"","background-repeat":"repeat","background-position":"center center","background-size":"auto","background-attachment":"scroll","background-type":"","background-media":"","overlay-type":"","overlay-color":"","overlay-opacity":"","overlay-gradient":""}},"ast-content-background-meta":{"desktop":{"background-color":"var(--ast-global-color-5)","background-image":"","background-repeat":"repeat","background-position":"center center","background-size":"auto","background-attachment":"scroll","background-type":"","background-media":"","overlay-type":"","overlay-color":"","overlay-opacity":"","overlay-gradient":""},"tablet":{"background-color":"var(--ast-global-color-5)","background-image":"","background-repeat":"repeat","background-position":"center center","background-size":"auto","background-attachment":"scroll","background-type":"","background-media":"","overlay-type":"","overlay-color":"","overlay-opacity":"","overlay-gradient":""},"mobile":{"background-color":"var(--ast-global-color-5)","background-image":"","background-repeat":"repeat","background-position":"center center","background-size":"auto","background-attachment":"scroll","background-type":"","background-media":"","overlay-type":"","overlay-color":"","overlay-opacity":"","overlay-gradient":""}}},"product_brand":[],"product_cat":[720,738],"product_tag":[],"class_list":{"0":"post-37664","1":"product","2":"type-product","3":"status-publish","5":"product_cat-accesorios-deportivos","6":"product_cat-tenis-paddel","7":"desktop-align-left","8":"tablet-align-left","9":"mobile-align-left","10":"ast-product-gallery-layout-vertical-slider","11":"ast-product-gallery-with-no-image","12":"ast-product-tabs-layout-horizontal","13":"ast-qv-on-image","15":"first","16":"instock","17":"shipping-taxable","18":"purchasable","19":"product-type-simple"},"_links":{"self":[{"href":"https:\/\/dbnfutbol.com.ar\/tienda\/wp-json\/wp\/v2\/product\/37664","targetHints":{"allow":["GET"]}}],"collection":[{"href":"https:\/\/dbnfutbol.com.ar\/tienda\/wp-json\/wp\/v2\/product"}],"about":[{"href":"https:\/\/dbnfutbol.com.ar\/tienda\/wp-json\/wp\/v2\/types\/product"}],"wp:attachment":[{"href":"https:\/\/dbnfutbol.com.ar\/tienda\/wp-json\/wp\/v2\/media?parent=37664"}],"wp:term":[{"taxonomy":"product_brand","embeddable":true,"href":"https:\/\/dbnfutbol.com.ar\/tienda\/wp-json\/wp\/v2\/product_brand?post=37664"},{"taxonomy":"product_cat","embeddable":true,"href":"https:\/\/dbnfutbol.com.ar\/tienda\/wp-json\/wp\/v2\/product_cat?post=37664"},{"taxonomy":"product_tag","embeddable":true,"href":"https:\/\/dbnfutbol.com.ar\/tienda\/wp-json\/wp\/v2\/product_tag?post=37664"}],"curies":[{"name":"wp","href":"https:\/\/api.w.org\/{rel}","templated":true}]}}