{"id":35806,"date":"2025-11-10T16:20:47","date_gmt":"2025-11-10T19:20:47","guid":{"rendered":"https:\/\/dbnfutbol.com.ar\/tienda\/producto\/antiparra_hydro_generation_rosa\/"},"modified":"2026-04-10T18:36:49","modified_gmt":"2026-04-10T21:36:49","slug":"antiparra_hydro_generation_rosa","status":"publish","type":"product","link":"https:\/\/dbnfutbol.com.ar\/tienda\/producto\/antiparra_hydro_generation_rosa\/","title":{"rendered":"ANTIPARRA HYDRO GENERATION ROSA"},"content":{"rendered":"<p>Descripci\u00f3n<br \/>\nDescubr\u00ed una nueva forma de disfrutar del agua con los lentes de nataci\u00f3n Hydro Generation 3.0, dise\u00f1ados especialmente para quienes se inician en la nataci\u00f3n y buscan comodidad desde el primer uso. Su estructura r\u00edgida de TPR y tira doble de silicona con trama aseguran un calce firme y confortable, mientras que el sistema de ajuste lateral permite una regulaci\u00f3n r\u00e1pida y precisa. Gracias a su tecnolog\u00eda Anti-Fog, olvidate del empa\u00f1amiento y disfrut\u00e1 de una visi\u00f3n clara en todo momento. Adem\u00e1s, cuentan con protecci\u00f3n UV Shield, ideal para nadar tanto en interiores como al aire libre. Todo esto, presentado en un packaging de cart\u00f3n reciclable, reafirmando nuestro compromiso con el medio ambiente.<\/p>\n<p>Materiales: Silicona, Policarbonato<\/p>\n<p>Uso: Recreativo<\/p>\n<p>Mantenimiento<br \/>\nEnjuague suave: Despu\u00e9s de cada uso, enjuag\u00e1 los lentes con agua fr\u00eda y limpia para remover cloro, sal o residuos qu\u00edmicos.<br \/>\nNo los frotes por dentro: Evit\u00e1 frotar el interior de los lentes, ya que podr\u00edan da\u00f1arse las capas antivaho.<br \/>\nSecado natural: Dejalos secar al aire libre en un lugar fresco y a la sombra. No uses secadores ni los expongas al sol directo.<br \/>\nEvitar productos qu\u00edmicos: No utilices alcohol, detergentes o jabones abrasivos para limpiarlos.<br \/>\nNo los dejes h\u00famedos en el bolso: La humedad constante puede deteriorar los materiales con el tiempo.<\/p>\n","protected":false},"excerpt":{"rendered":"<p>LENTES GENERATION ROSA<\/p>\n","protected":false},"featured_media":35803,"template":"","meta":{"site-sidebar-layout":"default","site-content-layout":"","ast-site-content-layout":"default","site-content-style":"default","site-sidebar-style":"default","ast-global-header-display":"","ast-banner-title-visibility":"","ast-main-header-display":"","ast-hfb-above-header-display":"","ast-hfb-below-header-display":"","ast-hfb-mobile-header-display":"","site-post-title":"","ast-breadcrumbs-content":"","ast-featured-img":"","footer-sml-layout":"","ast-disable-related-posts":"","theme-transparent-header-meta":"","adv-header-id-meta":"","stick-header-meta":"","header-above-stick-meta":"","header-main-stick-meta":"","header-below-stick-meta":"","astra-migrate-meta-layouts":"default","ast-page-background-enabled":"default","ast-page-background-meta":{"desktop":{"background-color":"","background-image":"","background-repeat":"repeat","background-position":"center center","background-size":"auto","background-attachment":"scroll","background-type":"","background-media":"","overlay-type":"","overlay-color":"","overlay-opacity":"","overlay-gradient":""},"tablet":{"background-color":"","background-image":"","background-repeat":"repeat","background-position":"center center","background-size":"auto","background-attachment":"scroll","background-type":"","background-media":"","overlay-type":"","overlay-color":"","overlay-opacity":"","overlay-gradient":""},"mobile":{"background-color":"","background-image":"","background-repeat":"repeat","background-position":"center center","background-size":"auto","background-attachment":"scroll","background-type":"","background-media":"","overlay-type":"","overlay-color":"","overlay-opacity":"","overlay-gradient":""}},"ast-content-background-meta":{"desktop":{"background-color":"var(--ast-global-color-5)","background-image":"","background-repeat":"repeat","background-position":"center center","background-size":"auto","background-attachment":"scroll","background-type":"","background-media":"","overlay-type":"","overlay-color":"","overlay-opacity":"","overlay-gradient":""},"tablet":{"background-color":"var(--ast-global-color-5)","background-image":"","background-repeat":"repeat","background-position":"center center","background-size":"auto","background-attachment":"scroll","background-type":"","background-media":"","overlay-type":"","overlay-color":"","overlay-opacity":"","overlay-gradient":""},"mobile":{"background-color":"var(--ast-global-color-5)","background-image":"","background-repeat":"repeat","background-position":"center center","background-size":"auto","background-attachment":"scroll","background-type":"","background-media":"","overlay-type":"","overlay-color":"","overlay-opacity":"","overlay-gradient":""}}},"product_brand":[],"product_cat":[720,721],"product_tag":[],"class_list":{"0":"post-35806","1":"product","2":"type-product","3":"status-publish","4":"has-post-thumbnail","6":"product_cat-accesorios-deportivos","7":"product_cat-natacion-accesorios-deportivos","8":"desktop-align-left","9":"tablet-align-left","10":"mobile-align-left","11":"ast-product-gallery-layout-vertical-slider","12":"ast-product-tabs-layout-horizontal","13":"ast-qv-on-image","15":"first","16":"instock","17":"shipping-taxable","18":"purchasable","19":"product-type-simple"},"_links":{"self":[{"href":"https:\/\/dbnfutbol.com.ar\/tienda\/wp-json\/wp\/v2\/product\/35806","targetHints":{"allow":["GET"]}}],"collection":[{"href":"https:\/\/dbnfutbol.com.ar\/tienda\/wp-json\/wp\/v2\/product"}],"about":[{"href":"https:\/\/dbnfutbol.com.ar\/tienda\/wp-json\/wp\/v2\/types\/product"}],"wp:featuredmedia":[{"embeddable":true,"href":"https:\/\/dbnfutbol.com.ar\/tienda\/wp-json\/wp\/v2\/media\/35803"}],"wp:attachment":[{"href":"https:\/\/dbnfutbol.com.ar\/tienda\/wp-json\/wp\/v2\/media?parent=35806"}],"wp:term":[{"taxonomy":"product_brand","embeddable":true,"href":"https:\/\/dbnfutbol.com.ar\/tienda\/wp-json\/wp\/v2\/product_brand?post=35806"},{"taxonomy":"product_cat","embeddable":true,"href":"https:\/\/dbnfutbol.com.ar\/tienda\/wp-json\/wp\/v2\/product_cat?post=35806"},{"taxonomy":"product_tag","embeddable":true,"href":"https:\/\/dbnfutbol.com.ar\/tienda\/wp-json\/wp\/v2\/product_tag?post=35806"}],"curies":[{"name":"wp","href":"https:\/\/api.w.org\/{rel}","templated":true}]}}