{"id":33847,"date":"2025-04-14T13:42:12","date_gmt":"2025-04-14T16:42:12","guid":{"rendered":"https:\/\/dbnfutbol.com.ar\/tienda\/producto\/pelota_boca__n5_oficial_flag\/"},"modified":"2026-03-27T14:42:50","modified_gmt":"2026-03-27T17:42:50","slug":"pelota_boca__n5_oficial_flag","status":"publish","type":"product","link":"https:\/\/dbnfutbol.com.ar\/tienda\/producto\/pelota_boca__n5_oficial_flag\/","title":{"rendered":"PELOTA BOCA  N5 OFICIAL FLAG"},"content":{"rendered":"<p>ELOTA DRIBBLING FUTBOL FLAG AFA BOCA JR !!<\/p>\n<p>La nueva pelota Flag de la BOCA es la elecci\u00f3n perfecta para los amantes del f\u00fatbol y fan\u00e1ticos Xeneises<br \/>\nDise\u00f1ada con los colores cl\u00e1sicos del equipo, su base celeste con una bandera Boquence que recorre toda la pelota evocando la emoci\u00f3n del f\u00fatbol.<\/p>\n<p>Compuesta por 12 paneles cosidos a m\u00e1quina de PVC 2.7 texturado , es ideal para divertirse y disfrutar con amigos en pr\u00e1cticas recreativas.<\/p>\n<p>La nueva pelota Flag del Club Atletico Boca Jr. es un producto con licencia oficial certificada.<\/p>\n<p>\u00a1Disfruta de la pasi\u00f3n y magia del f\u00fatbol con esta asombrosa pelota!<\/p>\n","protected":false},"excerpt":{"rendered":"<p>PELOTA BOCA OFICIAL N5 FLAG<\/p>\n","protected":false},"featured_media":33844,"template":"","meta":{"site-sidebar-layout":"default","site-content-layout":"","ast-site-content-layout":"default","site-content-style":"default","site-sidebar-style":"default","ast-global-header-display":"","ast-banner-title-visibility":"","ast-main-header-display":"","ast-hfb-above-header-display":"","ast-hfb-below-header-display":"","ast-hfb-mobile-header-display":"","site-post-title":"","ast-breadcrumbs-content":"","ast-featured-img":"","footer-sml-layout":"","ast-disable-related-posts":"","theme-transparent-header-meta":"default","adv-header-id-meta":"","stick-header-meta":"default","header-above-stick-meta":"","header-main-stick-meta":"","header-below-stick-meta":"","astra-migrate-meta-layouts":"set","ast-page-background-enabled":"default","ast-page-background-meta":{"desktop":{"background-color":"","background-image":"","background-repeat":"repeat","background-position":"center center","background-size":"auto","background-attachment":"scroll","background-type":"","background-media":"","overlay-type":"","overlay-color":"","overlay-opacity":"","overlay-gradient":""},"tablet":{"background-color":"","background-image":"","background-repeat":"repeat","background-position":"center center","background-size":"auto","background-attachment":"scroll","background-type":"","background-media":"","overlay-type":"","overlay-color":"","overlay-opacity":"","overlay-gradient":""},"mobile":{"background-color":"","background-image":"","background-repeat":"repeat","background-position":"center center","background-size":"auto","background-attachment":"scroll","background-type":"","background-media":"","overlay-type":"","overlay-color":"","overlay-opacity":"","overlay-gradient":""}},"ast-content-background-meta":{"desktop":{"background-color":"var(--ast-global-color-5)","background-image":"","background-repeat":"repeat","background-position":"center center","background-size":"auto","background-attachment":"scroll","background-type":"","background-media":"","overlay-type":"","overlay-color":"","overlay-opacity":"","overlay-gradient":""},"tablet":{"background-color":"var(--ast-global-color-5)","background-image":"","background-repeat":"repeat","background-position":"center center","background-size":"auto","background-attachment":"scroll","background-type":"","background-media":"","overlay-type":"","overlay-color":"","overlay-opacity":"","overlay-gradient":""},"mobile":{"background-color":"var(--ast-global-color-5)","background-image":"","background-repeat":"repeat","background-position":"center center","background-size":"auto","background-attachment":"scroll","background-type":"","background-media":"","overlay-type":"","overlay-color":"","overlay-opacity":"","overlay-gradient":""}}},"product_brand":[],"product_cat":[720,723],"product_tag":[],"class_list":{"0":"post-33847","1":"product","2":"type-product","3":"status-publish","4":"has-post-thumbnail","6":"product_cat-accesorios-deportivos","7":"product_cat-futbol","8":"desktop-align-left","9":"tablet-align-left","10":"mobile-align-left","11":"ast-product-gallery-layout-vertical-slider","12":"ast-product-tabs-layout-horizontal","13":"ast-qv-on-image","15":"first","16":"outofstock","17":"shipping-taxable","18":"purchasable","19":"product-type-simple"},"_links":{"self":[{"href":"https:\/\/dbnfutbol.com.ar\/tienda\/wp-json\/wp\/v2\/product\/33847","targetHints":{"allow":["GET"]}}],"collection":[{"href":"https:\/\/dbnfutbol.com.ar\/tienda\/wp-json\/wp\/v2\/product"}],"about":[{"href":"https:\/\/dbnfutbol.com.ar\/tienda\/wp-json\/wp\/v2\/types\/product"}],"wp:featuredmedia":[{"embeddable":true,"href":"https:\/\/dbnfutbol.com.ar\/tienda\/wp-json\/wp\/v2\/media\/33844"}],"wp:attachment":[{"href":"https:\/\/dbnfutbol.com.ar\/tienda\/wp-json\/wp\/v2\/media?parent=33847"}],"wp:term":[{"taxonomy":"product_brand","embeddable":true,"href":"https:\/\/dbnfutbol.com.ar\/tienda\/wp-json\/wp\/v2\/product_brand?post=33847"},{"taxonomy":"product_cat","embeddable":true,"href":"https:\/\/dbnfutbol.com.ar\/tienda\/wp-json\/wp\/v2\/product_cat?post=33847"},{"taxonomy":"product_tag","embeddable":true,"href":"https:\/\/dbnfutbol.com.ar\/tienda\/wp-json\/wp\/v2\/product_tag?post=33847"}],"curies":[{"name":"wp","href":"https:\/\/api.w.org\/{rel}","templated":true}]}}