{"id":33727,"date":"2025-03-18T13:06:48","date_gmt":"2025-03-18T16:06:48","guid":{"rendered":"https:\/\/dbnfutbol.com.ar\/tienda\/producto\/aletas_natacion_silicona\/"},"modified":"2026-04-10T18:54:12","modified_gmt":"2026-04-10T21:54:12","slug":"aletas_natacion_silicona","status":"publish","type":"product","link":"https:\/\/dbnfutbol.com.ar\/tienda\/producto\/aletas_natacion_silicona\/","title":{"rendered":"ALETAS NATACION SILICONA"},"content":{"rendered":"<p>Aletas Cortas Natacion Patas De Rana Buceo Adulto<\/p>\n<p>Medidas  y Talles<\/p>\n<p> Talle S = del 35 al 38 ( 22-25 cm)<br \/>\n Talle M = del 38-40 ( 25 -26,5 cm)<br \/>\n Talle L = del 40-43 ( 26.5 -29 cm)<\/p>\n<p>Caracter\u00edsticas:<br \/>\nCantidad de pares: 1<br \/>\nCon tal\u00f3n abierto: No<br \/>\nCondici\u00f3n del \u00edtem: Nuevo<br \/>\nEdad: Adultos<br \/>\nG\u00e9nero: Sin g\u00e9nero<br \/>\nMarca: HYDRO<br \/>\nMaterial: Silicona<br \/>\nModelo: Silicona 2.0<\/p>\n<p>Aleta de Nataci\u00f3n Silicona 2.0<\/p>\n<p>Marca: Hydro<\/p>\n<p>\u00a1Mejor\u00e1 tu t\u00e9cnica de nataci\u00f3n con las Aletas Hydro 2.0! Dise\u00f1adas para optimizar el empuje en el agua, su nuevo modelo incluye una mayor longitud de aleta y un calce anat\u00f3mico que te brinda comodidad y seguridad. Estas aletas son perfectas para corregir errores en la patada, facilitando un movimiento relajado del tobillo y tonificando tus m\u00fasculos inferiores. Fabricadas en silicona y PP, te ayudar\u00e1n a generar fuerza y mejorar tu rendimiento al nadar.<\/p>\n<p>..:: Caracter\u00edsticas ::..<\/p>\n<p>&gt;&gt; Material: Silicona y Polipropileno.<br \/>\n&gt;&gt; Dise\u00f1o anat\u00f3mico para mayor confort.<br \/>\n&gt;&gt; Ideal para tonificar m\u00fasculos y mejorar t\u00e9cnica.<\/p>\n","protected":false},"excerpt":{"rendered":"<p>ALETAS NATACION SILICONA<\/p>\n","protected":false},"featured_media":33726,"template":"","meta":{"site-sidebar-layout":"default","site-content-layout":"","ast-site-content-layout":"default","site-content-style":"default","site-sidebar-style":"default","ast-global-header-display":"","ast-banner-title-visibility":"","ast-main-header-display":"","ast-hfb-above-header-display":"","ast-hfb-below-header-display":"","ast-hfb-mobile-header-display":"","site-post-title":"","ast-breadcrumbs-content":"","ast-featured-img":"","footer-sml-layout":"","ast-disable-related-posts":"","theme-transparent-header-meta":"default","adv-header-id-meta":"","stick-header-meta":"default","header-above-stick-meta":"","header-main-stick-meta":"","header-below-stick-meta":"","astra-migrate-meta-layouts":"set","ast-page-background-enabled":"default","ast-page-background-meta":{"desktop":{"background-color":"","background-image":"","background-repeat":"repeat","background-position":"center center","background-size":"auto","background-attachment":"scroll","background-type":"","background-media":"","overlay-type":"","overlay-color":"","overlay-opacity":"","overlay-gradient":""},"tablet":{"background-color":"","background-image":"","background-repeat":"repeat","background-position":"center center","background-size":"auto","background-attachment":"scroll","background-type":"","background-media":"","overlay-type":"","overlay-color":"","overlay-opacity":"","overlay-gradient":""},"mobile":{"background-color":"","background-image":"","background-repeat":"repeat","background-position":"center center","background-size":"auto","background-attachment":"scroll","background-type":"","background-media":"","overlay-type":"","overlay-color":"","overlay-opacity":"","overlay-gradient":""}},"ast-content-background-meta":{"desktop":{"background-color":"var(--ast-global-color-5)","background-image":"","background-repeat":"repeat","background-position":"center center","background-size":"auto","background-attachment":"scroll","background-type":"","background-media":"","overlay-type":"","overlay-color":"","overlay-opacity":"","overlay-gradient":""},"tablet":{"background-color":"var(--ast-global-color-5)","background-image":"","background-repeat":"repeat","background-position":"center center","background-size":"auto","background-attachment":"scroll","background-type":"","background-media":"","overlay-type":"","overlay-color":"","overlay-opacity":"","overlay-gradient":""},"mobile":{"background-color":"var(--ast-global-color-5)","background-image":"","background-repeat":"repeat","background-position":"center center","background-size":"auto","background-attachment":"scroll","background-type":"","background-media":"","overlay-type":"","overlay-color":"","overlay-opacity":"","overlay-gradient":""}}},"product_brand":[],"product_cat":[720,721],"product_tag":[],"class_list":{"0":"post-33727","1":"product","2":"type-product","3":"status-publish","4":"has-post-thumbnail","6":"product_cat-accesorios-deportivos","7":"product_cat-natacion-accesorios-deportivos","8":"desktop-align-left","9":"tablet-align-left","10":"mobile-align-left","11":"ast-product-gallery-layout-vertical-slider","12":"ast-product-single-variable","13":"ast-product-tabs-layout-horizontal","14":"ast-qv-on-image","16":"first","17":"instock","18":"shipping-taxable","19":"purchasable","20":"product-type-variable"},"_links":{"self":[{"href":"https:\/\/dbnfutbol.com.ar\/tienda\/wp-json\/wp\/v2\/product\/33727","targetHints":{"allow":["GET"]}}],"collection":[{"href":"https:\/\/dbnfutbol.com.ar\/tienda\/wp-json\/wp\/v2\/product"}],"about":[{"href":"https:\/\/dbnfutbol.com.ar\/tienda\/wp-json\/wp\/v2\/types\/product"}],"wp:featuredmedia":[{"embeddable":true,"href":"https:\/\/dbnfutbol.com.ar\/tienda\/wp-json\/wp\/v2\/media\/33726"}],"wp:attachment":[{"href":"https:\/\/dbnfutbol.com.ar\/tienda\/wp-json\/wp\/v2\/media?parent=33727"}],"wp:term":[{"taxonomy":"product_brand","embeddable":true,"href":"https:\/\/dbnfutbol.com.ar\/tienda\/wp-json\/wp\/v2\/product_brand?post=33727"},{"taxonomy":"product_cat","embeddable":true,"href":"https:\/\/dbnfutbol.com.ar\/tienda\/wp-json\/wp\/v2\/product_cat?post=33727"},{"taxonomy":"product_tag","embeddable":true,"href":"https:\/\/dbnfutbol.com.ar\/tienda\/wp-json\/wp\/v2\/product_tag?post=33727"}],"curies":[{"name":"wp","href":"https:\/\/api.w.org\/{rel}","templated":true}]}}