{"id":32052,"date":"2024-11-12T15:04:19","date_gmt":"2024-11-12T18:04:19","guid":{"rendered":"https:\/\/dbnfutbol.com.ar\/tienda\/producto\/antiparra_champ_adulto\/"},"modified":"2026-04-16T18:58:36","modified_gmt":"2026-04-16T21:58:36","slug":"antiparra_champ_adulto","status":"publish","type":"product","link":"https:\/\/dbnfutbol.com.ar\/tienda\/producto\/antiparra_champ_adulto\/","title":{"rendered":"ANTIPARRA CHAMP ADULTO"},"content":{"rendered":"<p>El Lente de Nataci\u00f2n Hydro Champ 2.0, es un lente perfecto para la iniciaci\u00f3n en el deporte de la nataci\u00f3n.<\/p>\n<p>Es parte de nuestra categor\u00eda Fun en Lentes de Nataci\u00f3n, donde se pueden encontrar los lentes aptos para el inicio de la pr\u00e1ctica del deporte.<\/p>\n<p>Viene en Estuche de PVC con Ziploc para poder guardar y transportar el lente a donde quieras.<\/p>\n<p>Compuestos en Silicona y Policarbonato, con tira doble para mejor sujeci\u00f3n, es el lente ideal para comenzar a nadar.<\/p>\n<p>Material:cinta: silicona &#8211; visor: policarbonato<br \/>\nColor:aqua &#8211; negro &#8211; azul &#8211; Acua<br \/>\nCaracter\u00edsticas:cinta doble ajustable<br \/>\nTama\u00f1o:senior<\/p>\n","protected":false},"excerpt":{"rendered":"<p>LENTES NATACION CHAMP ADULTO <\/p>\n","protected":false},"featured_media":32051,"template":"","meta":{"site-sidebar-layout":"default","site-content-layout":"","ast-site-content-layout":"default","site-content-style":"default","site-sidebar-style":"default","ast-global-header-display":"","ast-banner-title-visibility":"","ast-main-header-display":"","ast-hfb-above-header-display":"","ast-hfb-below-header-display":"","ast-hfb-mobile-header-display":"","site-post-title":"","ast-breadcrumbs-content":"","ast-featured-img":"","footer-sml-layout":"","ast-disable-related-posts":"","theme-transparent-header-meta":"","adv-header-id-meta":"","stick-header-meta":"","header-above-stick-meta":"","header-main-stick-meta":"","header-below-stick-meta":"","astra-migrate-meta-layouts":"default","ast-page-background-enabled":"default","ast-page-background-meta":{"desktop":{"background-color":"","background-image":"","background-repeat":"repeat","background-position":"center center","background-size":"auto","background-attachment":"scroll","background-type":"","background-media":"","overlay-type":"","overlay-color":"","overlay-opacity":"","overlay-gradient":""},"tablet":{"background-color":"","background-image":"","background-repeat":"repeat","background-position":"center center","background-size":"auto","background-attachment":"scroll","background-type":"","background-media":"","overlay-type":"","overlay-color":"","overlay-opacity":"","overlay-gradient":""},"mobile":{"background-color":"","background-image":"","background-repeat":"repeat","background-position":"center center","background-size":"auto","background-attachment":"scroll","background-type":"","background-media":"","overlay-type":"","overlay-color":"","overlay-opacity":"","overlay-gradient":""}},"ast-content-background-meta":{"desktop":{"background-color":"var(--ast-global-color-5)","background-image":"","background-repeat":"repeat","background-position":"center center","background-size":"auto","background-attachment":"scroll","background-type":"","background-media":"","overlay-type":"","overlay-color":"","overlay-opacity":"","overlay-gradient":""},"tablet":{"background-color":"var(--ast-global-color-5)","background-image":"","background-repeat":"repeat","background-position":"center center","background-size":"auto","background-attachment":"scroll","background-type":"","background-media":"","overlay-type":"","overlay-color":"","overlay-opacity":"","overlay-gradient":""},"mobile":{"background-color":"var(--ast-global-color-5)","background-image":"","background-repeat":"repeat","background-position":"center center","background-size":"auto","background-attachment":"scroll","background-type":"","background-media":"","overlay-type":"","overlay-color":"","overlay-opacity":"","overlay-gradient":""}}},"product_brand":[],"product_cat":[720,721],"product_tag":[],"class_list":{"0":"post-32052","1":"product","2":"type-product","3":"status-publish","4":"has-post-thumbnail","6":"product_cat-accesorios-deportivos","7":"product_cat-natacion-accesorios-deportivos","8":"desktop-align-left","9":"tablet-align-left","10":"mobile-align-left","11":"ast-product-gallery-layout-vertical-slider","12":"ast-product-gallery-with-no-image","13":"ast-product-single-variable","14":"ast-product-tabs-layout-horizontal","15":"ast-qv-on-image","17":"first","18":"instock","19":"shipping-taxable","20":"purchasable","21":"product-type-variable"},"_links":{"self":[{"href":"https:\/\/dbnfutbol.com.ar\/tienda\/wp-json\/wp\/v2\/product\/32052","targetHints":{"allow":["GET"]}}],"collection":[{"href":"https:\/\/dbnfutbol.com.ar\/tienda\/wp-json\/wp\/v2\/product"}],"about":[{"href":"https:\/\/dbnfutbol.com.ar\/tienda\/wp-json\/wp\/v2\/types\/product"}],"wp:featuredmedia":[{"embeddable":true,"href":"https:\/\/dbnfutbol.com.ar\/tienda\/wp-json\/wp\/v2\/media\/32051"}],"wp:attachment":[{"href":"https:\/\/dbnfutbol.com.ar\/tienda\/wp-json\/wp\/v2\/media?parent=32052"}],"wp:term":[{"taxonomy":"product_brand","embeddable":true,"href":"https:\/\/dbnfutbol.com.ar\/tienda\/wp-json\/wp\/v2\/product_brand?post=32052"},{"taxonomy":"product_cat","embeddable":true,"href":"https:\/\/dbnfutbol.com.ar\/tienda\/wp-json\/wp\/v2\/product_cat?post=32052"},{"taxonomy":"product_tag","embeddable":true,"href":"https:\/\/dbnfutbol.com.ar\/tienda\/wp-json\/wp\/v2\/product_tag?post=32052"}],"curies":[{"name":"wp","href":"https:\/\/api.w.org\/{rel}","templated":true}]}}