{"id":30305,"date":"2024-06-20T15:52:12","date_gmt":"2024-06-20T18:52:12","guid":{"rendered":"https:\/\/dbnfutbol.com.ar\/tienda\/producto\/pelota_voley_classic__drb\/"},"modified":"2026-04-10T18:38:18","modified_gmt":"2026-04-10T21:38:18","slug":"pelota_voley_classic__drb","status":"publish","type":"product","link":"https:\/\/dbnfutbol.com.ar\/tienda\/producto\/pelota_voley_classic__drb\/","title":{"rendered":"PELOTA VOLEY CLASSIC  DRB"},"content":{"rendered":"<p>Descripci\u00f3n<br \/>\nLa Pelota Classic 1.0 de DRB\u00ae fue dise\u00f1ada para quienes se inician en el mundo del v\u00f3ley. Su construcci\u00f3n robusta, dise\u00f1o cl\u00e1sico y paneles cosidos a m\u00e1quina la hacen ideal para entrenamientos escolares, recreativos o principiantes. Es una opci\u00f3n confiable, duradera y c\u00f3moda para el desarrollo de habilidades b\u00e1sicas en este deporte.<\/p>\n<p>Materiales<br \/>\n 18 panelesPVC resistente<br \/>\n Tres capas internas<br \/>\n Cosidos a m\u00e1quina<br \/>\n Talle<br \/>\n\u00danico<br \/>\nMedidas y peso reglamentarios para v\u00f3ley recreativo<br \/>\nUso recomendado<br \/>\nIniciaci\u00f3n \/ Entrenamientos<br \/>\n Mantenimiento<br \/>\nLimpiar con pa\u00f1o h\u00famedo<br \/>\nNo exponer a calor extremo o sol directo por per\u00edodos prolongados<br \/>\nGuardar en lugar seco<br \/>\nNo inflar por encima de la presi\u00f3n recomendada<\/p>\n","protected":false},"excerpt":{"rendered":"<p>PELOTA VOLEY CLASICC<\/p>\n","protected":false},"featured_media":31500,"template":"","meta":{"site-sidebar-layout":"default","site-content-layout":"","ast-site-content-layout":"default","site-content-style":"default","site-sidebar-style":"default","ast-global-header-display":"","ast-banner-title-visibility":"","ast-main-header-display":"","ast-hfb-above-header-display":"","ast-hfb-below-header-display":"","ast-hfb-mobile-header-display":"","site-post-title":"","ast-breadcrumbs-content":"","ast-featured-img":"","footer-sml-layout":"","ast-disable-related-posts":"","theme-transparent-header-meta":"default","adv-header-id-meta":"","stick-header-meta":"default","header-above-stick-meta":"","header-main-stick-meta":"","header-below-stick-meta":"","astra-migrate-meta-layouts":"set","ast-page-background-enabled":"default","ast-page-background-meta":{"desktop":{"background-color":"","background-image":"","background-repeat":"repeat","background-position":"center center","background-size":"auto","background-attachment":"scroll","background-type":"","background-media":"","overlay-type":"","overlay-color":"","overlay-opacity":"","overlay-gradient":""},"tablet":{"background-color":"","background-image":"","background-repeat":"repeat","background-position":"center center","background-size":"auto","background-attachment":"scroll","background-type":"","background-media":"","overlay-type":"","overlay-color":"","overlay-opacity":"","overlay-gradient":""},"mobile":{"background-color":"","background-image":"","background-repeat":"repeat","background-position":"center center","background-size":"auto","background-attachment":"scroll","background-type":"","background-media":"","overlay-type":"","overlay-color":"","overlay-opacity":"","overlay-gradient":""}},"ast-content-background-meta":{"desktop":{"background-color":"var(--ast-global-color-5)","background-image":"","background-repeat":"repeat","background-position":"center center","background-size":"auto","background-attachment":"scroll","background-type":"","background-media":"","overlay-type":"","overlay-color":"","overlay-opacity":"","overlay-gradient":""},"tablet":{"background-color":"var(--ast-global-color-5)","background-image":"","background-repeat":"repeat","background-position":"center center","background-size":"auto","background-attachment":"scroll","background-type":"","background-media":"","overlay-type":"","overlay-color":"","overlay-opacity":"","overlay-gradient":""},"mobile":{"background-color":"var(--ast-global-color-5)","background-image":"","background-repeat":"repeat","background-position":"center center","background-size":"auto","background-attachment":"scroll","background-type":"","background-media":"","overlay-type":"","overlay-color":"","overlay-opacity":"","overlay-gradient":""}}},"product_brand":[],"product_cat":[720,737],"product_tag":[],"class_list":{"0":"post-30305","1":"product","2":"type-product","3":"status-publish","4":"has-post-thumbnail","6":"product_cat-accesorios-deportivos","7":"product_cat-voley","8":"desktop-align-left","9":"tablet-align-left","10":"mobile-align-left","11":"ast-product-gallery-layout-vertical-slider","12":"ast-product-tabs-layout-horizontal","13":"ast-qv-on-image","15":"first","16":"instock","17":"shipping-taxable","18":"purchasable","19":"product-type-simple"},"_links":{"self":[{"href":"https:\/\/dbnfutbol.com.ar\/tienda\/wp-json\/wp\/v2\/product\/30305","targetHints":{"allow":["GET"]}}],"collection":[{"href":"https:\/\/dbnfutbol.com.ar\/tienda\/wp-json\/wp\/v2\/product"}],"about":[{"href":"https:\/\/dbnfutbol.com.ar\/tienda\/wp-json\/wp\/v2\/types\/product"}],"wp:featuredmedia":[{"embeddable":true,"href":"https:\/\/dbnfutbol.com.ar\/tienda\/wp-json\/wp\/v2\/media\/31500"}],"wp:attachment":[{"href":"https:\/\/dbnfutbol.com.ar\/tienda\/wp-json\/wp\/v2\/media?parent=30305"}],"wp:term":[{"taxonomy":"product_brand","embeddable":true,"href":"https:\/\/dbnfutbol.com.ar\/tienda\/wp-json\/wp\/v2\/product_brand?post=30305"},{"taxonomy":"product_cat","embeddable":true,"href":"https:\/\/dbnfutbol.com.ar\/tienda\/wp-json\/wp\/v2\/product_cat?post=30305"},{"taxonomy":"product_tag","embeddable":true,"href":"https:\/\/dbnfutbol.com.ar\/tienda\/wp-json\/wp\/v2\/product_tag?post=30305"}],"curies":[{"name":"wp","href":"https:\/\/api.w.org\/{rel}","templated":true}]}}