{"id":30156,"date":"2024-06-20T10:49:27","date_gmt":"2024-06-20T13:49:27","guid":{"rendered":"https:\/\/dbnfutbol.com.ar\/tienda\/producto\/hand_grip_neopren_x1\/"},"modified":"2026-04-30T16:24:15","modified_gmt":"2026-04-30T19:24:15","slug":"hand_grip_neopren_x1","status":"publish","type":"product","link":"https:\/\/dbnfutbol.com.ar\/tienda\/producto\/hand_grip_neopren_x1\/","title":{"rendered":"HAND GRIP NEOPREN X1"},"content":{"rendered":"<p>Dise\u00f1ados para mejorar la fuerza de agarre, los resortes de hierro y el dise\u00f1o en \u00e1ngulo ayudan a tonificar y ejercitar los antebrazos. Fortalece la fuerza de las manos.<\/p>\n<p>El precios es por unidad !!<br \/>\nCaracter\u00edsticas Principales<br \/>\n&#8211; Mango Recubierto .<br \/>\n&#8211; Ergon\u00f3micos.<br \/>\n&#8211; Livianos para mejor traslado.<br \/>\n&#8211; Material resorte: Acero.<\/p>\n","protected":false},"excerpt":{"rendered":"<p>HAND GRIP NEOPRENE x1<\/p>\n","protected":false},"featured_media":0,"template":"","meta":{"site-sidebar-layout":"default","site-content-layout":"","ast-site-content-layout":"default","site-content-style":"default","site-sidebar-style":"default","ast-global-header-display":"","ast-banner-title-visibility":"","ast-main-header-display":"","ast-hfb-above-header-display":"","ast-hfb-below-header-display":"","ast-hfb-mobile-header-display":"","site-post-title":"","ast-breadcrumbs-content":"","ast-featured-img":"","footer-sml-layout":"","ast-disable-related-posts":"","theme-transparent-header-meta":"","adv-header-id-meta":"","stick-header-meta":"","header-above-stick-meta":"","header-main-stick-meta":"","header-below-stick-meta":"","astra-migrate-meta-layouts":"default","ast-page-background-enabled":"default","ast-page-background-meta":{"desktop":{"background-color":"","background-image":"","background-repeat":"repeat","background-position":"center center","background-size":"auto","background-attachment":"scroll","background-type":"","background-media":"","overlay-type":"","overlay-color":"","overlay-opacity":"","overlay-gradient":""},"tablet":{"background-color":"","background-image":"","background-repeat":"repeat","background-position":"center center","background-size":"auto","background-attachment":"scroll","background-type":"","background-media":"","overlay-type":"","overlay-color":"","overlay-opacity":"","overlay-gradient":""},"mobile":{"background-color":"","background-image":"","background-repeat":"repeat","background-position":"center center","background-size":"auto","background-attachment":"scroll","background-type":"","background-media":"","overlay-type":"","overlay-color":"","overlay-opacity":"","overlay-gradient":""}},"ast-content-background-meta":{"desktop":{"background-color":"var(--ast-global-color-5)","background-image":"","background-repeat":"repeat","background-position":"center center","background-size":"auto","background-attachment":"scroll","background-type":"","background-media":"","overlay-type":"","overlay-color":"","overlay-opacity":"","overlay-gradient":""},"tablet":{"background-color":"var(--ast-global-color-5)","background-image":"","background-repeat":"repeat","background-position":"center center","background-size":"auto","background-attachment":"scroll","background-type":"","background-media":"","overlay-type":"","overlay-color":"","overlay-opacity":"","overlay-gradient":""},"mobile":{"background-color":"var(--ast-global-color-5)","background-image":"","background-repeat":"repeat","background-position":"center center","background-size":"auto","background-attachment":"scroll","background-type":"","background-media":"","overlay-type":"","overlay-color":"","overlay-opacity":"","overlay-gradient":""}}},"product_brand":[],"product_cat":[720,724],"product_tag":[],"class_list":{"0":"post-30156","1":"product","2":"type-product","3":"status-publish","5":"product_cat-accesorios-deportivos","6":"product_cat-pesas-y-musculacion","7":"desktop-align-left","8":"tablet-align-left","9":"mobile-align-left","10":"ast-product-gallery-layout-vertical-slider","11":"ast-product-gallery-with-no-image","12":"ast-product-tabs-layout-horizontal","13":"ast-qv-on-image","15":"first","16":"instock","17":"shipping-taxable","18":"purchasable","19":"product-type-simple"},"_links":{"self":[{"href":"https:\/\/dbnfutbol.com.ar\/tienda\/wp-json\/wp\/v2\/product\/30156","targetHints":{"allow":["GET"]}}],"collection":[{"href":"https:\/\/dbnfutbol.com.ar\/tienda\/wp-json\/wp\/v2\/product"}],"about":[{"href":"https:\/\/dbnfutbol.com.ar\/tienda\/wp-json\/wp\/v2\/types\/product"}],"wp:attachment":[{"href":"https:\/\/dbnfutbol.com.ar\/tienda\/wp-json\/wp\/v2\/media?parent=30156"}],"wp:term":[{"taxonomy":"product_brand","embeddable":true,"href":"https:\/\/dbnfutbol.com.ar\/tienda\/wp-json\/wp\/v2\/product_brand?post=30156"},{"taxonomy":"product_cat","embeddable":true,"href":"https:\/\/dbnfutbol.com.ar\/tienda\/wp-json\/wp\/v2\/product_cat?post=30156"},{"taxonomy":"product_tag","embeddable":true,"href":"https:\/\/dbnfutbol.com.ar\/tienda\/wp-json\/wp\/v2\/product_tag?post=30156"}],"curies":[{"name":"wp","href":"https:\/\/api.w.org\/{rel}","templated":true}]}}